{"id":98,"date":"2026-03-11T07:09:08","date_gmt":"2026-03-11T07:09:08","guid":{"rendered":"https:\/\/zemyna.world\/?page_id=98"},"modified":"2026-04-16T12:39:00","modified_gmt":"2026-04-16T12:39:00","slug":"dvejopo-reiksmingumo-vertinimas","status":"publish","type":"page","link":"https:\/\/zemyna.world\/index.php\/dvejopo-reiksmingumo-vertinimas\/","title":{"rendered":"Dvejopo reik\u0161mingumo vertinimas"},"content":{"rendered":"\n<div class=\"wp-block-group alignfull has-global-padding is-layout-constrained wp-container-core-group-is-layout-e8f5d446 wp-block-group-is-layout-constrained\" style=\"padding-top:var(--wp--preset--spacing--10);padding-right:var(--wp--preset--spacing--30);padding-bottom:var(--wp--preset--spacing--10);padding-left:var(--wp--preset--spacing--30)\">\n<div class=\"wp-block-group has-global-padding is-layout-constrained wp-container-core-group-is-layout-650790e1 wp-block-group-is-layout-constrained\">\n<h1 class=\"wp-block-heading has-text-align-center has-x-large-font-size\">Dvejopo reik\u0161mingumo vertinimas<\/h1>\n\n\n\n<div style=\"height:1.25rem\" aria-hidden=\"true\" class=\"wp-block-spacer\"><\/div>\n\n\n\n<p class=\"has-text-align-center\">Vertinimas padeda \u012fmonei nustatyti, kurios tvarumo temos jai yra reik\u0161mingos vertinant tiek \u012fmon\u0117s poveik\u012f aplinkai ir visuomenei, tiek su \u0161iomis temomis susijusias rizikas ir galimybes kylan\u010dias verslui.<\/p>\n\n\n\n<p class=\"has-text-align-center\">Dvejopo reik\u0161mingumo vertinimas leid\u017eia suprasti kas \u012fmonei i\u0161 ties\u0173 aktualu ir i\u0161vengti perteklinio informacijos kaupimo. Jis padeda susieti tvarumo temas su veiklos modeliu, verslo kontekstu, sprendimais ir informacijos teikimu partneriams ar kitoms suinteresuotoms \u0161alims.<\/p>\n\n\n\n<div style=\"height:1.25rem\" aria-hidden=\"true\" class=\"wp-block-spacer\"><\/div>\n<\/div>\n<\/div>\n\n\n\n<div class=\"wp-block-group alignfull has-base-2-background-color has-background has-global-padding is-layout-constrained wp-container-core-group-is-layout-ca902058 wp-block-group-is-layout-constrained\" style=\"margin-top:0;margin-bottom:0;padding-top:var(--wp--preset--spacing--10);padding-right:var(--wp--preset--spacing--20);padding-bottom:var(--wp--preset--spacing--10);padding-left:var(--wp--preset--spacing--20)\">\n<div class=\"wp-block-group is-vertical is-content-justification-center is-layout-flex wp-container-core-group-is-layout-52b864f0 wp-block-group-is-layout-flex\">\n<h2 class=\"wp-block-heading has-text-align-center is-style-asterisk\">Informacija apie paslaug\u0105<\/h2>\n\n\n\n<div style=\"height:0px\" aria-hidden=\"true\" class=\"wp-block-spacer wp-container-content-4f2ccadb\"><\/div>\n<\/div>\n\n\n\n<div class=\"wp-block-columns alignwide is-layout-flex wp-container-core-columns-is-layout-d0bbbce0 wp-block-columns-is-layout-flex\">\n<div class=\"wp-block-column is-layout-flow wp-container-core-column-is-layout-e3d1c41b wp-block-column-is-layout-flow\">\n<h3 class=\"wp-block-heading has-text-align-left is-style-asterisk has-body-font-family has-medium-font-size\" style=\"font-style:normal;font-weight:600\">Kaip vyksta procesas?<\/h3>\n\n\n\n<p class=\"has-text-align-left\">\u012emon\u0117 u\u017epildo klausimyn\u0105, kuris padeda surinkti pradin\u0119 informacij\u0105 apie veikl\u0105, verslo model\u012f ir \u012emon\u0117s jau turimus duomenis. Remdamiesi \u0161ia med\u017eiaga parengiame preliminar\u0173 su veikla susijusi\u0173 poveiki\u0173, rizik\u0173 ir galimybi\u0173 apra\u0161ym\u0105.<\/p>\n\n\n\n<p>Tuomet \u0161\u012f pagrind\u0105 aptariame kartu su \u012fmone, tiksliname, koreguojame ir atliekame reik\u0161mingumo vertinim\u0105. Pateikiame taikyt\u0105 vertinimo metodik\u0105 ir padedame u\u017etikrinti, kad procesas b\u016bt\u0173 suprantamas ir nuoseklus.<\/p>\n\n\n\n<p class=\"has-text-align-left\">\u0160iame procese dirbame kartu su \u012fmone \u2013 organizuojame aptarimus, \u012ftraukiame darbuotojus ir, esant poreikiui, rengiame mokymus.<\/p>\n\n\n\n<p><strong><em>Esant poreikiui, \u012f paslaugos apimt\u012f papildomai gali b\u016bti \u012ftrauktas vert\u0117s grandin\u0117s \u017eem\u0117lapio sudarymas ir suinteresuot\u0173j\u0173 \u0161ali\u0173 apklausa.<\/em><\/strong><\/p>\n<\/div>\n\n\n\n<div class=\"wp-block-column is-layout-flow wp-container-core-column-is-layout-e3d1c41b wp-block-column-is-layout-flow\">\n<h3 class=\"wp-block-heading has-text-align-left is-style-asterisk has-body-font-family has-medium-font-size\" style=\"font-style:normal;font-weight:600\">Koks rezultatas?<\/h3>\n\n\n\n<p class=\"has-text-align-left\">Paslaugos rezultatas \u2013 ai\u0161kiai apibr\u0117\u017etos \u012fmonei reik\u0161mingos tvarumo temos ir argumentuota j\u0173 vertinimo logika.<\/p>\n\n\n\n<p>Po vertinimo \u012fmon\u0117 geriau supranta kurios temos jai svarbiausios, kokie poveikiai, rizikos ir galimyb\u0117s su jomis susij\u0119, k\u0105 reikalinga steb\u0117ti ir valdyti bei kaip \u0161ias temas susieti su veikla, sprendimais ir informacijos teikimu.<\/p>\n\n\n\n<p class=\"has-text-align-left\">Dvejopo reik\u0161mingumo vertinimas gali tapti pagrindu tvarumo strategijai, rodikli\u0173 formavimui, ataskait\u0173 rengimui ar tolesniam pasirengimui informacijos pateikimui partneriams, klientams ar finansuotojams.<\/p>\n<\/div>\n\n\n\n<div class=\"wp-block-column is-layout-flow wp-container-core-column-is-layout-e3d1c41b wp-block-column-is-layout-flow\">\n<h3 class=\"wp-block-heading has-text-align-left is-style-asterisk has-body-font-family has-medium-font-size\" style=\"font-style:normal;font-weight:600\">Kam \u0161i paslauga aktuali?<\/h3>\n\n\n\n<p class=\"has-text-align-left\">\u0160i paslauga aktuali \u012fmon\u0117ms, kurios nori sistemi\u0161kai atsirinkti svarbiausias tvarumo temas ir susieti jas su savo veikla, sprendimais bei tolimesniais veiksmais. Ji ypa\u010d naudinga tada, kai reikia daugiau ai\u0161kumo ir strukt\u016bros valdant reik\u0161mingus poveikius,rizikas ir galimybes.<\/p>\n<\/div>\n<\/div>\n\n\n\n<div class=\"wp-block-buttons is-content-justification-center is-layout-flex wp-container-core-buttons-is-layout-a89b3969 wp-block-buttons-is-layout-flex\">\n<div class=\"wp-block-button\"><a class=\"wp-block-button__link wp-element-button\" href=\"mailto:info@zemyna.world\">Susisiekime<\/a><\/div>\n<\/div>\n\n\n\n<div style=\"height:var(--wp--preset--spacing--20)\" aria-hidden=\"true\" class=\"wp-block-spacer\"><\/div>\n<\/div>\n\n\n\n<p><\/p>\n","protected":false},"excerpt":{"rendered":"<p>Dvejopo reik\u0161mingumo vertinimas Vertinimas padeda \u012fmonei nustatyti, kurios tvarumo temos jai yra reik\u0161mingos vertinant tiek \u012fmon\u0117s poveik\u012f aplinkai ir visuomenei, tiek su \u0161iomis temomis susijusias rizikas ir galimybes kylan\u010dias verslui. Dvejopo reik\u0161mingumo vertinimas leid\u017eia suprasti kas \u012fmonei i\u0161 ties\u0173 aktualu ir i\u0161vengti perteklinio informacijos kaupimo. Jis padeda susieti tvarumo temas su veiklos modeliu, verslo kontekstu, [&hellip;]<\/p>\n","protected":false},"author":1,"featured_media":0,"parent":0,"menu_order":0,"comment_status":"closed","ping_status":"closed","template":"","meta":{"footnotes":""},"class_list":["post-98","page","type-page","status-publish","hentry"],"_links":{"self":[{"href":"https:\/\/zemyna.world\/index.php\/wp-json\/wp\/v2\/pages\/98","targetHints":{"allow":["GET"]}}],"collection":[{"href":"https:\/\/zemyna.world\/index.php\/wp-json\/wp\/v2\/pages"}],"about":[{"href":"https:\/\/zemyna.world\/index.php\/wp-json\/wp\/v2\/types\/page"}],"author":[{"embeddable":true,"href":"https:\/\/zemyna.world\/index.php\/wp-json\/wp\/v2\/users\/1"}],"replies":[{"embeddable":true,"href":"https:\/\/zemyna.world\/index.php\/wp-json\/wp\/v2\/comments?post=98"}],"version-history":[{"count":8,"href":"https:\/\/zemyna.world\/index.php\/wp-json\/wp\/v2\/pages\/98\/revisions"}],"predecessor-version":[{"id":162,"href":"https:\/\/zemyna.world\/index.php\/wp-json\/wp\/v2\/pages\/98\/revisions\/162"}],"wp:attachment":[{"href":"https:\/\/zemyna.world\/index.php\/wp-json\/wp\/v2\/media?parent=98"}],"curies":[{"name":"wp","href":"https:\/\/api.w.org\/{rel}","templated":true}]}}