{"id":95,"date":"2026-03-11T07:08:12","date_gmt":"2026-03-11T07:08:12","guid":{"rendered":"https:\/\/zemyna.world\/?page_id=95"},"modified":"2026-04-16T12:35:53","modified_gmt":"2026-04-16T12:35:53","slug":"su-klimatu-susijusiu-riziku-vertinimas","status":"publish","type":"page","link":"https:\/\/zemyna.world\/index.php\/su-klimatu-susijusiu-riziku-vertinimas\/","title":{"rendered":"Klimato rizikos"},"content":{"rendered":"\n<div class=\"wp-block-group alignfull has-global-padding is-layout-constrained wp-container-core-group-is-layout-9bb8521d wp-block-group-is-layout-constrained\" style=\"padding-top:var(--wp--preset--spacing--20);padding-right:var(--wp--preset--spacing--30);padding-bottom:var(--wp--preset--spacing--20);padding-left:var(--wp--preset--spacing--30)\">\n<div class=\"wp-block-group has-global-padding is-layout-constrained wp-container-core-group-is-layout-650790e1 wp-block-group-is-layout-constrained\">\n<h1 class=\"wp-block-heading has-text-align-center has-x-large-font-size\">Su klimatu susijusi\u0173 rizik\u0173 vertinimas<\/h1>\n\n\n\n<div style=\"height:1.25rem\" aria-hidden=\"true\" class=\"wp-block-spacer\"><\/div>\n\n\n\n<p class=\"has-text-align-center\">Vertiname su klimatu susijusias rizikas ir padedame suprasti j\u0173 galim\u0105 poveik\u012f \u012fmon\u0117s veiklai bei sprendimams.<\/p>\n\n\n\n<div style=\"height:1.25rem\" aria-hidden=\"true\" class=\"wp-block-spacer\"><\/div>\n<\/div>\n<\/div>\n\n\n\n<div class=\"wp-block-group alignfull has-base-2-background-color has-background has-global-padding is-layout-constrained wp-container-core-group-is-layout-ca902058 wp-block-group-is-layout-constrained\" style=\"margin-top:0;margin-bottom:0;padding-top:var(--wp--preset--spacing--10);padding-right:var(--wp--preset--spacing--20);padding-bottom:var(--wp--preset--spacing--10);padding-left:var(--wp--preset--spacing--20)\">\n<div class=\"wp-block-group is-vertical is-content-justification-center is-layout-flex wp-container-core-group-is-layout-52b864f0 wp-block-group-is-layout-flex\">\n<h2 class=\"wp-block-heading has-text-align-center is-style-asterisk\">Informacija apie paslaug\u0105<\/h2>\n\n\n\n<div style=\"height:0px\" aria-hidden=\"true\" class=\"wp-block-spacer wp-container-content-4f2ccadb\"><\/div>\n<\/div>\n\n\n\n<div class=\"wp-block-columns alignwide is-layout-flex wp-container-core-columns-is-layout-d0bbbce0 wp-block-columns-is-layout-flex\">\n<div class=\"wp-block-column is-layout-flow wp-container-core-column-is-layout-e3d1c41b wp-block-column-is-layout-flow\">\n<h3 class=\"wp-block-heading has-text-align-left is-style-asterisk has-body-font-family has-medium-font-size\" style=\"font-style:normal;font-weight:600\">Kaip vyksta procesas?<\/h3>\n\n\n\n<p class=\"has-text-align-left\">Pirmiausia nustatomos vertinimo ribos \u2013 \u012fsivertinama, kurios \u012fmon\u0117s veiklos, padaliniai, geografin\u0117s teritorijos ar kiti aspektai bus \u012ftraukiami \u012f vertinim\u0105. Tuomet \u012fmon\u0117 u\u017epildo klausimyn\u0105, padedant\u012f surinkti pradin\u0119 informacij\u0105 apie veikl\u0105, veiklos vietas ir galimus rizikos veiksnius.<\/p>\n\n\n\n<p class=\"has-text-align-left\">Remiantis surinkta informacija, vertinimas atliekamas keliais etapais, apimant tiek fizines, tiek pereinamojo laikotarpio klimato rizikas.  \u012evertinus surinktus duomenis, pateikiamas galutinis vertinimas.<\/p>\n<\/div>\n\n\n\n<div class=\"wp-block-column is-layout-flow wp-container-core-column-is-layout-e3d1c41b wp-block-column-is-layout-flow\">\n<h3 class=\"wp-block-heading has-text-align-left is-style-asterisk has-body-font-family has-medium-font-size\" style=\"font-style:normal;font-weight:600\">Koks rezultatas?<\/h3>\n\n\n\n<p class=\"has-text-align-left\">Paslaugos rezultatas \u2013 atliktas su klimatu susijusi\u0173 rizik\u0173 vertinimas, padedantis geriau suprasti, kokios fizin\u0117s ir pereinamojo laikotarpio rizikos yra aktualiausios \u012fmonei ir kaip jos gali paveikti veikl\u0105, sprendimus bei tolesn\u012f pasirengim\u0105.<\/p>\n<\/div>\n\n\n\n<div class=\"wp-block-column is-layout-flow wp-container-core-column-is-layout-e3d1c41b wp-block-column-is-layout-flow\">\n<h3 class=\"wp-block-heading has-text-align-left is-style-asterisk has-body-font-family has-medium-font-size\" style=\"font-style:normal;font-weight:600\">Kam \u0161i paslauga aktuali?<\/h3>\n\n\n\n<p class=\"has-text-align-left\">Paslauga aktuali ma\u017eoms, vidutin\u0117ms ir didel\u0117ms \u012fmon\u0117ms, kurioms svarbu \u012fvertinti su klimatu susijusias rizikas ne tik vidiniams sprendimams, bet ir tvarumo ataskait\u0173 rengimui. Ji ypa\u010d naudinga \u012fmon\u0117ms, kurios rengia ne pirm\u0105 tvarumo ataskait\u0105.<br>\u0160i paslauga teikiama ir didel\u0117ms \u012emon\u0117ms kurios siekia, kad vertinimas b\u016bt\u0173 nuoseklus bei atitikt\u0173 taksonomijos reglamento taikymo poreikius.<\/p>\n<\/div>\n<\/div>\n\n\n\n<div class=\"wp-block-buttons is-content-justification-center is-layout-flex wp-container-core-buttons-is-layout-a89b3969 wp-block-buttons-is-layout-flex\">\n<div class=\"wp-block-button\"><a class=\"wp-block-button__link wp-element-button\" href=\"mailto:info@zemyna.world\">Susisiekime<\/a><\/div>\n<\/div>\n\n\n\n<div style=\"height:var(--wp--preset--spacing--20)\" aria-hidden=\"true\" class=\"wp-block-spacer\"><\/div>\n<\/div>\n\n\n\n<p><\/p>\n","protected":false},"excerpt":{"rendered":"<p>Su klimatu susijusi\u0173 rizik\u0173 vertinimas Vertiname su klimatu susijusias rizikas ir padedame suprasti j\u0173 galim\u0105 poveik\u012f \u012fmon\u0117s veiklai bei sprendimams. Informacija apie paslaug\u0105 Kaip vyksta procesas? Pirmiausia nustatomos vertinimo ribos \u2013 \u012fsivertinama, kurios \u012fmon\u0117s veiklos, padaliniai, geografin\u0117s teritorijos ar kiti aspektai bus \u012ftraukiami \u012f vertinim\u0105. Tuomet \u012fmon\u0117 u\u017epildo klausimyn\u0105, padedant\u012f surinkti pradin\u0119 informacij\u0105 apie veikl\u0105, [&hellip;]<\/p>\n","protected":false},"author":1,"featured_media":0,"parent":0,"menu_order":0,"comment_status":"closed","ping_status":"closed","template":"","meta":{"footnotes":""},"class_list":["post-95","page","type-page","status-publish","hentry"],"_links":{"self":[{"href":"https:\/\/zemyna.world\/index.php\/wp-json\/wp\/v2\/pages\/95","targetHints":{"allow":["GET"]}}],"collection":[{"href":"https:\/\/zemyna.world\/index.php\/wp-json\/wp\/v2\/pages"}],"about":[{"href":"https:\/\/zemyna.world\/index.php\/wp-json\/wp\/v2\/types\/page"}],"author":[{"embeddable":true,"href":"https:\/\/zemyna.world\/index.php\/wp-json\/wp\/v2\/users\/1"}],"replies":[{"embeddable":true,"href":"https:\/\/zemyna.world\/index.php\/wp-json\/wp\/v2\/comments?post=95"}],"version-history":[{"count":4,"href":"https:\/\/zemyna.world\/index.php\/wp-json\/wp\/v2\/pages\/95\/revisions"}],"predecessor-version":[{"id":159,"href":"https:\/\/zemyna.world\/index.php\/wp-json\/wp\/v2\/pages\/95\/revisions\/159"}],"wp:attachment":[{"href":"https:\/\/zemyna.world\/index.php\/wp-json\/wp\/v2\/media?parent=95"}],"curies":[{"name":"wp","href":"https:\/\/api.w.org\/{rel}","templated":true}]}}