{"id":93,"date":"2026-03-11T07:06:50","date_gmt":"2026-03-11T07:06:50","guid":{"rendered":"https:\/\/zemyna.world\/?page_id=93"},"modified":"2026-04-16T12:33:31","modified_gmt":"2026-04-16T12:33:31","slug":"tvarumo-ataskaitos-rengimas","status":"publish","type":"page","link":"https:\/\/zemyna.world\/index.php\/tvarumo-ataskaitos-rengimas\/","title":{"rendered":"Tvarumo ataskaita"},"content":{"rendered":"\n<div class=\"wp-block-group alignfull has-global-padding is-layout-constrained wp-container-core-group-is-layout-3317f9b0 wp-block-group-is-layout-constrained\" style=\"padding-top:var(--wp--preset--spacing--10);padding-right:var(--wp--preset--spacing--50);padding-bottom:var(--wp--preset--spacing--10);padding-left:var(--wp--preset--spacing--50)\">\n<div class=\"wp-block-group has-global-padding is-layout-constrained wp-container-core-group-is-layout-650790e1 wp-block-group-is-layout-constrained\">\n<h1 class=\"wp-block-heading has-text-align-center has-x-large-font-size\">Tvarumo ataskaitos rengimas<\/h1>\n\n\n\n<div style=\"height:1.25rem\" aria-hidden=\"true\" class=\"wp-block-spacer\"><\/div>\n\n\n\n<p class=\"has-text-align-center\">Rengiame tvarumo ataskaitas pagal Savanori\u0161k\u0105 tvarumo ataskait\u0173 teikimo standart\u0105 ma\u017eoms ir vidutin\u0117ms \u012fmon\u0117ms (VSME) ir Europos tvarumo atskaitomyb\u0117s standartus (ESRS), padedame susisteminti informacij\u0105 ir pritaikyti j\u0105 komunikacijai su klientais, partneriais bei finansuotojais.<\/p>\n\n\n\n<div style=\"height:1.25rem\" aria-hidden=\"true\" class=\"wp-block-spacer\"><\/div>\n<\/div>\n<\/div>\n\n\n\n<div class=\"wp-block-group alignfull has-base-2-background-color has-background has-global-padding is-layout-constrained wp-container-core-group-is-layout-0b8162c0 wp-block-group-is-layout-constrained\" style=\"margin-top:0;margin-bottom:0;padding-top:var(--wp--preset--spacing--10);padding-right:var(--wp--preset--spacing--30);padding-bottom:var(--wp--preset--spacing--10);padding-left:var(--wp--preset--spacing--30)\">\n<div class=\"wp-block-group is-vertical is-content-justification-center is-layout-flex wp-container-core-group-is-layout-52b864f0 wp-block-group-is-layout-flex\">\n<h2 class=\"wp-block-heading has-text-align-center is-style-asterisk\">Informacija apie paslaug\u0105<\/h2>\n\n\n\n<div style=\"height:0px\" aria-hidden=\"true\" class=\"wp-block-spacer wp-container-content-4f2ccadb\"><\/div>\n<\/div>\n\n\n\n<div class=\"wp-block-columns alignwide is-layout-flex wp-container-core-columns-is-layout-d0bbbce0 wp-block-columns-is-layout-flex\">\n<div class=\"wp-block-column is-layout-flow wp-container-core-column-is-layout-e3d1c41b wp-block-column-is-layout-flow\">\n<h3 class=\"wp-block-heading has-text-align-left is-style-asterisk has-body-font-family has-medium-font-size\" style=\"font-style:normal;font-weight:600\">Kaip vyksta procesas?<\/h3>\n\n\n\n<p class=\"has-text-align-left\">\u012emon\u0117 u\u017epildo klausimyn\u0105, kuris padeda surinkti pirmin\u0119 informacij\u0105 apie veikl\u0105, verslo model\u012f ir \u012emon\u0117s jau turimus duomenis. Remiantis pateikta informacija parengiame pirmin\u012f tvarumo ataskaitos variant\u0105, j\u012f aptariame su \u012fmone, tiksliname ir parengiame galutin\u0119 ataskaitos versij\u0105.<\/p>\n\n\n\n<p class=\"has-text-align-left\">Jei \u012fmon\u0117 tik pradeda dirbti su tvarumo klausimais, rekomenduojame \u0161i\u0105 paslaug\u0105 derinti su kitomis paslaugomis, pavyzd\u017eiui, mokymais \u012emon\u0117s darbuotojams, 1 ir 2 lygio \u0160ESD emisij\u0173 skai\u010diavimu. <\/p>\n<\/div>\n\n\n\n<div class=\"wp-block-column is-layout-flow wp-container-core-column-is-layout-e3d1c41b wp-block-column-is-layout-flow\">\n<h3 class=\"wp-block-heading has-text-align-left is-style-asterisk has-body-font-family has-medium-font-size\" style=\"font-style:normal;font-weight:600\">Koks rezultatas?<\/h3>\n\n\n\n<p class=\"has-text-align-left\">Paslaugos rezultatas \u2013 parengta tvarumo ataskaita, kuri\u0105 galima naudoti komunikacijai su klientais, partneriais, finansuotojais ir kitomis suinteresuotosiomis \u0161alimis. Ataskaita gali b\u016bti rengiama lietuvi\u0173 ir angl\u0173 kalbomis.<\/p>\n<\/div>\n\n\n\n<div class=\"wp-block-column is-layout-flow wp-container-core-column-is-layout-e3d1c41b wp-block-column-is-layout-flow\">\n<h3 class=\"wp-block-heading has-text-align-left is-style-asterisk has-body-font-family has-medium-font-size\" style=\"font-style:normal;font-weight:600\">Kam \u0161i paslauga aktuali?<\/h3>\n\n\n\n<p class=\"has-text-align-left\">\u0160i paslauga aktuali \u012fmon\u0117ms, kurios nori strukt\u016bruotai parengti ir pateikti tvarumo informacij\u0105. Ji ypa\u010d tinkama \u012fmon\u0117ms, kurios pradeda sistemingiau dirbti su tvarumo informacija, taip pat \u0161i paslauga ypa\u010d naudinga \u012fmon\u0117ms, siekian\u010dioms \u201eEcoVadis\u201c \u012fvertinimo, nes padeda surinkti, susisteminti ir ai\u0161kiai pateikti tvarumo informacij\u0105 bei j\u0105 pagrind\u017eian\u010dius duomenis.<\/p>\n<\/div>\n<\/div>\n\n\n\n<div class=\"wp-block-buttons is-content-justification-center is-layout-flex wp-container-core-buttons-is-layout-a89b3969 wp-block-buttons-is-layout-flex\">\n<div class=\"wp-block-button\"><a class=\"wp-block-button__link wp-element-button\" href=\"mailto:info@zemyna.world\">Susisiekime<\/a><\/div>\n<\/div>\n\n\n\n<div style=\"height:var(--wp--preset--spacing--20)\" aria-hidden=\"true\" class=\"wp-block-spacer\"><\/div>\n<\/div>\n\n\n\n<p><\/p>\n","protected":false},"excerpt":{"rendered":"<p>Tvarumo ataskaitos rengimas Rengiame tvarumo ataskaitas pagal Savanori\u0161k\u0105 tvarumo ataskait\u0173 teikimo standart\u0105 ma\u017eoms ir vidutin\u0117ms \u012fmon\u0117ms (VSME) ir Europos tvarumo atskaitomyb\u0117s standartus (ESRS), padedame susisteminti informacij\u0105 ir pritaikyti j\u0105 komunikacijai su klientais, partneriais bei finansuotojais. Informacija apie paslaug\u0105 Kaip vyksta procesas? \u012emon\u0117 u\u017epildo klausimyn\u0105, kuris padeda surinkti pirmin\u0119 informacij\u0105 apie veikl\u0105, verslo model\u012f ir \u012emon\u0117s [&hellip;]<\/p>\n","protected":false},"author":1,"featured_media":0,"parent":0,"menu_order":0,"comment_status":"closed","ping_status":"closed","template":"","meta":{"footnotes":""},"class_list":["post-93","page","type-page","status-publish","hentry"],"_links":{"self":[{"href":"https:\/\/zemyna.world\/index.php\/wp-json\/wp\/v2\/pages\/93","targetHints":{"allow":["GET"]}}],"collection":[{"href":"https:\/\/zemyna.world\/index.php\/wp-json\/wp\/v2\/pages"}],"about":[{"href":"https:\/\/zemyna.world\/index.php\/wp-json\/wp\/v2\/types\/page"}],"author":[{"embeddable":true,"href":"https:\/\/zemyna.world\/index.php\/wp-json\/wp\/v2\/users\/1"}],"replies":[{"embeddable":true,"href":"https:\/\/zemyna.world\/index.php\/wp-json\/wp\/v2\/comments?post=93"}],"version-history":[{"count":5,"href":"https:\/\/zemyna.world\/index.php\/wp-json\/wp\/v2\/pages\/93\/revisions"}],"predecessor-version":[{"id":157,"href":"https:\/\/zemyna.world\/index.php\/wp-json\/wp\/v2\/pages\/93\/revisions\/157"}],"wp:attachment":[{"href":"https:\/\/zemyna.world\/index.php\/wp-json\/wp\/v2\/media?parent=93"}],"curies":[{"name":"wp","href":"https:\/\/api.w.org\/{rel}","templated":true}]}}