{"id":62,"date":"2026-03-10T09:36:57","date_gmt":"2026-03-10T09:36:57","guid":{"rendered":"https:\/\/zemyna.world\/?page_id=62"},"modified":"2026-04-16T16:15:55","modified_gmt":"2026-04-16T16:15:55","slug":"paslaugos_","status":"publish","type":"page","link":"https:\/\/zemyna.world\/","title":{"rendered":"Tvarumo konsultacijos, paremtos verslo poreikiais"},"content":{"rendered":"\n<div class=\"wp-block-group alignfull has-global-padding is-layout-constrained wp-container-core-group-is-layout-e7807ec4 wp-block-group-is-layout-constrained\" style=\"min-height:0vh;margin-top:0;margin-bottom:0;padding-top:0rem;padding-right:var(--wp--preset--spacing--10);padding-bottom:0rem;padding-left:var(--wp--preset--spacing--10)\">\n<div class=\"wp-block-group has-global-padding is-layout-constrained wp-container-core-group-is-layout-346627ba wp-block-group-is-layout-constrained\">\n<p class=\"has-text-align-center has-medium-font-size\">Padedame ma\u017eoms ir vidutin\u0117ms \u012fmon\u0117ms \u0161iose srityse:<br>Strategija ir rodikliai<br>Tvarumo ataskaitos<br>\u0160ESD emisijos<br>Mokymai<br>Klimato rizik\u0173 vertinimas<br>Dvejopas reik\u0161mingumas<\/p>\n\n\n\n<div class=\"wp-block-buttons is-content-justification-center is-layout-flex wp-container-core-buttons-is-layout-a89b3969 wp-block-buttons-is-layout-flex\">\n<div class=\"wp-block-button\"><a class=\"wp-block-button__link wp-element-button\" href=\"#Paslaugos-Titulinis\">Per\u017ei\u016br\u0117ti paslaugas<\/a><\/div>\n\n\n\n<div class=\"wp-block-button\"><a class=\"wp-block-button__link wp-element-button\" href=\"mailto:info@zemyna.world\">Pateikti u\u017eklaus\u0105<\/a><\/div>\n<\/div>\n<\/div>\n<\/div>\n\n\n\n<div class=\"wp-block-group alignfull is-style-section-1 has-background has-global-padding is-layout-constrained wp-container-core-group-is-layout-b094fc30 wp-block-group-is-layout-constrained\" style=\"border-style:none;border-width:0px;border-top-left-radius:0px;border-top-right-radius:0px;border-bottom-left-radius:0px;border-bottom-right-radius:0px;background:linear-gradient(180deg,rgb(243,240,232) 0%,rgb(249,249,249) 100%);margin-top:0;margin-bottom:0;padding-top:2.5rem;padding-right:var(--wp--preset--spacing--40);padding-bottom:2.5rem;padding-left:var(--wp--preset--spacing--40)\">\n<div class=\"wp-block-group alignwide is-vertical is-content-justification-left is-layout-flex wp-container-core-group-is-layout-65a17c8e wp-block-group-is-layout-flex\" style=\"padding-right:var(--wp--preset--spacing--50);padding-left:var(--wp--preset--spacing--50)\">\n<h2 class=\"wp-block-heading is-style-text-annotation wp-container-content-9cfa9a5a\">Apie veikl\u0105<\/h2>\n<\/div>\n\n\n\n<div class=\"wp-block-columns alignwide are-vertically-aligned-center is-layout-flex wp-container-core-columns-is-layout-66fad18a wp-block-columns-is-layout-flex\">\n<div class=\"wp-block-column is-vertically-aligned-center is-layout-flow wp-block-column-is-layout-flow\" style=\"padding-right:0;padding-left:0;flex-basis:100%\">\n<p class=\"has-text-align-left is-style-text-subtitle\" style=\"padding-top:0;padding-right:var(--wp--preset--spacing--50);padding-bottom:0;padding-left:var(--wp--preset--spacing--50)\">Veikiame kaip i\u0161orin\u0117 \u012fmon\u0117s tvarumo komandos dalis. Padedame \u012fmon\u0117ms geriau suprasti tvarumo temas, susisteminti informacij\u0105 ir pritaikyti j\u0105 sprendimams, komunikacijai bei bendradarbiavimui su partneriais. <br>Did\u017eiausi\u0105 d\u0117mes\u012f skiriame ma\u017eoms ir vidutin\u0117ms \u012fmon\u0117ms. Vertiname tai, kad j\u0173 galimyb\u0117s skirti papildomus i\u0161teklius tvarumui da\u017enai yra ribotos, tod\u0117l si\u016blome sprendimus, kurie b\u016bt\u0173 proporcingi, ai\u0161k\u016bs ir pritaikyti realiems verslo poreikiams.<br>Daugiau informacijos rasite <a href=\"https:\/\/zemyna.world\/index.php\/apie-konsultante\/\" data-type=\"page\" data-id=\"120\">\u010dia<\/a>.<\/p>\n<\/div>\n<\/div>\n<\/div>\n\n\n\n<div class=\"wp-block-group alignfull has-global-padding is-layout-constrained wp-container-core-group-is-layout-cba8281b wp-block-group-is-layout-constrained\" style=\"margin-top:0;margin-bottom:0;padding-top:var(--wp--preset--spacing--30);padding-right:var(--wp--preset--spacing--30);padding-bottom:var(--wp--preset--spacing--30);padding-left:var(--wp--preset--spacing--30)\">\n<h2 class=\"wp-block-heading alignwide has-text-align-left\" id=\"Paslaugos-Titulinis\">Paslaugos<\/h2>\n\n\n\n<div class=\"wp-block-columns alignwide is-layout-flex wp-container-core-columns-is-layout-28f84493 wp-block-columns-is-layout-flex\">\n<div class=\"wp-block-column is-vertically-aligned-stretch has-medium-font-size is-layout-flow wp-block-column-is-layout-flow\">\n<figure class=\"wp-block-image size-full\" style=\"margin-bottom:24px\"><img loading=\"lazy\" decoding=\"async\" width=\"1024\" height=\"768\" src=\"https:\/\/zemyna.world\/wp-content\/uploads\/2026\/03\/istockphoto-1266572591-1024x1024-1.jpg\" alt=\"\" class=\"wp-image-33\" style=\"aspect-ratio:4\/3;object-fit:cover\" srcset=\"https:\/\/zemyna.world\/wp-content\/uploads\/2026\/03\/istockphoto-1266572591-1024x1024-1.jpg 1024w, https:\/\/zemyna.world\/wp-content\/uploads\/2026\/03\/istockphoto-1266572591-1024x1024-1-300x225.jpg 300w, https:\/\/zemyna.world\/wp-content\/uploads\/2026\/03\/istockphoto-1266572591-1024x1024-1-768x576.jpg 768w\" sizes=\"auto, (max-width: 1024px) 100vw, 1024px\" \/><\/figure>\n\n\n\n<h3 class=\"wp-block-heading has-medium-font-size\"><a href=\"https:\/\/zemyna.world\/index.php\/paslauga1\/\" data-type=\"page\" data-id=\"43\">Konsultacijos d\u0117l tvaraus verslo startegijos<\/a><\/h3>\n\n\n\n<p class=\"has-small-font-size\">Padedame sukurti tvaraus verslo startegij\u0105, nustatyti prioritetines kryptis, prioritetus ir rodiklius pa\u017eangos steb\u0117senai.<\/p>\n<\/div>\n\n\n\n<div class=\"wp-block-column is-vertically-aligned-stretch has-medium-font-size is-layout-flow wp-block-column-is-layout-flow\">\n<figure class=\"wp-block-image size-full\" style=\"margin-bottom:24px\"><img loading=\"lazy\" decoding=\"async\" width=\"1920\" height=\"835\" src=\"https:\/\/zemyna.world\/wp-content\/uploads\/2026\/03\/Plateliu-ezeras-\u2013-Lukas-Jonaitis.jpeg\" alt=\"\" class=\"wp-image-64\" style=\"aspect-ratio:1.3333333333333333;object-fit:cover\" srcset=\"https:\/\/zemyna.world\/wp-content\/uploads\/2026\/03\/Plateliu-ezeras-\u2013-Lukas-Jonaitis.jpeg 1920w, https:\/\/zemyna.world\/wp-content\/uploads\/2026\/03\/Plateliu-ezeras-\u2013-Lukas-Jonaitis-300x130.jpeg 300w, https:\/\/zemyna.world\/wp-content\/uploads\/2026\/03\/Plateliu-ezeras-\u2013-Lukas-Jonaitis-1024x445.jpeg 1024w, https:\/\/zemyna.world\/wp-content\/uploads\/2026\/03\/Plateliu-ezeras-\u2013-Lukas-Jonaitis-768x334.jpeg 768w, https:\/\/zemyna.world\/wp-content\/uploads\/2026\/03\/Plateliu-ezeras-\u2013-Lukas-Jonaitis-1536x668.jpeg 1536w\" sizes=\"auto, (max-width: 1920px) 100vw, 1920px\" \/><\/figure>\n\n\n\n<h3 class=\"wp-block-heading has-medium-font-size\"><a href=\"https:\/\/zemyna.world\/index.php\/1-ir-2-lygio-sesd-emisiju-skaiciavimas\/\" data-type=\"page\" data-id=\"55\">1 ir 2 lygio \u0160ESD emisij\u0173 skai\u010diavimas<\/a><\/h3>\n\n\n\n<p class=\"has-small-font-size\">Skai\u010diuojame 1 ir 2 lygio \u0160ESD emisijas.<\/p>\n<\/div>\n\n\n\n<div class=\"wp-block-column is-vertically-aligned-stretch has-medium-font-size is-layout-flow wp-block-column-is-layout-flow\">\n<figure class=\"wp-block-image size-full\" style=\"margin-bottom:24px\"><img loading=\"lazy\" decoding=\"async\" width=\"1232\" height=\"687\" src=\"https:\/\/zemyna.world\/wp-content\/uploads\/2026\/03\/Ziemos-Lietuvoje.webp\" alt=\"\" class=\"wp-image-77\" style=\"aspect-ratio:1.3333333333333333;object-fit:cover\" srcset=\"https:\/\/zemyna.world\/wp-content\/uploads\/2026\/03\/Ziemos-Lietuvoje.webp 1232w, https:\/\/zemyna.world\/wp-content\/uploads\/2026\/03\/Ziemos-Lietuvoje-300x167.webp 300w, https:\/\/zemyna.world\/wp-content\/uploads\/2026\/03\/Ziemos-Lietuvoje-1024x571.webp 1024w, https:\/\/zemyna.world\/wp-content\/uploads\/2026\/03\/Ziemos-Lietuvoje-768x428.webp 768w\" sizes=\"auto, (max-width: 1232px) 100vw, 1232px\" \/><\/figure>\n\n\n\n<h3 class=\"wp-block-heading has-medium-font-size\"><a href=\"https:\/\/zemyna.world\/index.php\/mokymai-tvarumo-tema\/\" data-type=\"page\" data-id=\"100\">Mokymai J\u016bs\u0173 komandai tvarumo tema<\/a>        <\/h3>\n\n\n\n<p class=\"has-small-font-size\">Vedame mokymus, padedan\u010dius J\u016bs\u0173 komandai geriau suprasti tvarumo temas ir nuosekliau jas taikyti praktikoje.<\/p>\n<\/div>\n\n\n\n<div class=\"wp-block-column is-vertically-aligned-stretch has-medium-font-size is-layout-flow wp-block-column-is-layout-flow\">\n<figure class=\"wp-block-image size-full\" style=\"margin-bottom:24px\"><img loading=\"lazy\" decoding=\"async\" width=\"2000\" height=\"1500\" src=\"https:\/\/zemyna.world\/wp-content\/uploads\/2026\/03\/220d88a0-739f-11ed-ac44-3b19498dcf8a.jpg\" alt=\"\" class=\"wp-image-65\" style=\"aspect-ratio:4\/3;object-fit:cover\" srcset=\"https:\/\/zemyna.world\/wp-content\/uploads\/2026\/03\/220d88a0-739f-11ed-ac44-3b19498dcf8a.jpg 2000w, https:\/\/zemyna.world\/wp-content\/uploads\/2026\/03\/220d88a0-739f-11ed-ac44-3b19498dcf8a-300x225.jpg 300w, https:\/\/zemyna.world\/wp-content\/uploads\/2026\/03\/220d88a0-739f-11ed-ac44-3b19498dcf8a-1024x768.jpg 1024w, https:\/\/zemyna.world\/wp-content\/uploads\/2026\/03\/220d88a0-739f-11ed-ac44-3b19498dcf8a-768x576.jpg 768w, https:\/\/zemyna.world\/wp-content\/uploads\/2026\/03\/220d88a0-739f-11ed-ac44-3b19498dcf8a-1536x1152.jpg 1536w\" sizes=\"auto, (max-width: 2000px) 100vw, 2000px\" \/><\/figure>\n\n\n\n<h3 class=\"wp-block-heading has-medium-font-size\"><a href=\"https:\/\/zemyna.world\/index.php\/tvarumo-ataskaitos-rengimas\/\" data-type=\"page\" data-id=\"93\">Tvarumo ataskaitos rengimas<\/a><\/h3>\n\n\n\n<p class=\"has-small-font-size\">Rengiame tvarumo ataskaitas pagal Savanori\u0161k\u0105 tvarumo ataskait\u0173 teikimo standart\u0105 ma\u017eoms ir vidutin\u0117ms \u012fmon\u0117ms (VSME) ir Europos tvarumo atskaitomyb\u0117s standartus (ESRS).<\/p>\n<\/div>\n\n\n\n<div class=\"wp-block-column is-vertically-aligned-stretch has-medium-font-size is-layout-flow wp-block-column-is-layout-flow\">\n<figure class=\"wp-block-image size-full is-resized\" style=\"margin-bottom:24px\"><img loading=\"lazy\" decoding=\"async\" width=\"269\" height=\"187\" src=\"https:\/\/zemyna.world\/wp-content\/uploads\/2026\/03\/images.jpg\" alt=\"\" class=\"wp-image-66\" style=\"aspect-ratio:1.3333333333333333;object-fit:cover;width:633px;height:auto\"\/><\/figure>\n\n\n\n<h3 class=\"wp-block-heading has-medium-font-size\"><a href=\"https:\/\/zemyna.world\/index.php\/su-klimatu-susijusiu-riziku-vertinimas\/\" data-type=\"page\" data-id=\"95\">Su klimatu susijusi\u0173 rizik\u0173 vertinimas<\/a><\/h3>\n\n\n\n<p class=\"has-small-font-size\">Vertiname su klimatu susijusias rizikas ir padedame suprasti j\u0173 galim\u0105 poveik\u012f \u012fmon\u0117s veiklai bei sprendimams.<\/p>\n<\/div>\n\n\n\n<div class=\"wp-block-column is-vertically-aligned-stretch has-medium-font-size is-layout-flow wp-block-column-is-layout-flow\">\n<figure class=\"wp-block-image size-full\" style=\"margin-bottom:24px\"><img loading=\"lazy\" decoding=\"async\" width=\"800\" height=\"532\" src=\"https:\/\/zemyna.world\/wp-content\/uploads\/2026\/03\/7e4127d53cbb3fecc8147bef4195bfa7_Parnidzio-pazintinis-takas-A.-Kundroto-nuotr-1_800-800-auto-100.jpg\" alt=\"\" class=\"wp-image-71\" style=\"aspect-ratio:1.3333333333333333;object-fit:cover\" srcset=\"https:\/\/zemyna.world\/wp-content\/uploads\/2026\/03\/7e4127d53cbb3fecc8147bef4195bfa7_Parnidzio-pazintinis-takas-A.-Kundroto-nuotr-1_800-800-auto-100.jpg 800w, https:\/\/zemyna.world\/wp-content\/uploads\/2026\/03\/7e4127d53cbb3fecc8147bef4195bfa7_Parnidzio-pazintinis-takas-A.-Kundroto-nuotr-1_800-800-auto-100-300x200.jpg 300w, https:\/\/zemyna.world\/wp-content\/uploads\/2026\/03\/7e4127d53cbb3fecc8147bef4195bfa7_Parnidzio-pazintinis-takas-A.-Kundroto-nuotr-1_800-800-auto-100-768x511.jpg 768w\" sizes=\"auto, (max-width: 800px) 100vw, 800px\" \/><\/figure>\n\n\n\n<h3 class=\"wp-block-heading has-medium-font-size\"><a href=\"https:\/\/zemyna.world\/index.php\/dvejopo-reiksmingumo-vertinimas\/\" data-type=\"page\" data-id=\"98\">Dvejopo reik\u0161mingumo vertinimas<\/a><\/h3>\n\n\n\n<p class=\"has-small-font-size\">Padedame nustatyti reik\u0161mingas tvarumo temas, reik\u0161mingus \u012fmon\u0117s daromus poveikius ir verslo veiklai kylan\u010dias su tvarumu susijusias rizikas bei galimybes.<\/p>\n<\/div>\n<\/div>\n<\/div>\n\n\n\n<div class=\"wp-block-group alignfull has-global-padding is-content-justification-center is-layout-constrained wp-block-group-is-layout-constrained\" style=\"margin-top:0;margin-bottom:0;padding-top:var(--wp--preset--spacing--20);padding-bottom:var(--wp--preset--spacing--20)\">\n<h2 class=\"wp-block-heading alignwide has-text-align-center\">Kainodara<\/h2>\n\n\n\n<p class=\"has-text-align-center\">Paslaug\u0173 apimtis ir kaina nustatoma individualiai, \u012fvertinus \u012fmon\u0117s poreik\u012f, turimus duomenis ir planuojamo darbo apimt\u012f.<\/p>\n\n\n\n<div class=\"wp-block-columns alignwide is-layout-flex wp-container-core-columns-is-layout-1d9f35bd wp-block-columns-is-layout-flex\">\n<div class=\"wp-block-column has-border-color is-layout-flow wp-block-column-is-layout-flow\" style=\"border-color:var(--wp--preset--color--accent-6);border-width:1px;border-radius:10px;padding-top:var(--wp--preset--spacing--50);padding-right:var(--wp--preset--spacing--50);padding-bottom:var(--wp--preset--spacing--50);padding-left:var(--wp--preset--spacing--50)\">\n<h3 class=\"wp-block-heading has-text-align-center\" id=\"single\"> GAUTI PASI\u016aLYM\u0104<\/h3>\n\n\n\n<p class=\"has-text-align-center has-medium-font-size\">Siekdami parengti pasi\u016blym\u0105, pra\u0161ome u\u017eklausoje nurodyti dominan\u010di\u0105 paslaug\u0105, pateikti trump\u0105 informacij\u0105 arba nuorod\u0105 \u012f \u012fmon\u0117s ar \u012fmoni\u0173 grup\u0117s interneto svetain\u0119 bei kontaktinio asmens duomenis.<\/p>\n\n\n\n<div class=\"wp-block-buttons is-content-justification-center is-layout-flex wp-container-core-buttons-is-layout-a89b3969 wp-block-buttons-is-layout-flex\">\n<div class=\"wp-block-button has-custom-width wp-block-button__width-100\"><a class=\"wp-block-button__link wp-element-button\" href=\"mailto:info@zemyna.world\">GAUTI PASI\u016aLYM\u0104<\/a><\/div>\n<\/div>\n<\/div>\n<\/div>\n<\/div>\n\n\n\n<p><\/p>\n","protected":false},"excerpt":{"rendered":"<p>Padedame ma\u017eoms ir vidutin\u0117ms \u012fmon\u0117ms \u0161iose srityse:Strategija ir rodikliaiTvarumo ataskaitos\u0160ESD emisijosMokymaiKlimato rizik\u0173 vertinimasDvejopas reik\u0161mingumas Apie veikl\u0105 Veikiame kaip i\u0161orin\u0117 \u012fmon\u0117s tvarumo komandos dalis. Padedame \u012fmon\u0117ms geriau suprasti tvarumo temas, susisteminti informacij\u0105 ir pritaikyti j\u0105 sprendimams, komunikacijai bei bendradarbiavimui su partneriais. Did\u017eiausi\u0105 d\u0117mes\u012f skiriame ma\u017eoms ir vidutin\u0117ms \u012fmon\u0117ms. Vertiname tai, kad j\u0173 galimyb\u0117s skirti papildomus i\u0161teklius [&hellip;]<\/p>\n","protected":false},"author":1,"featured_media":0,"parent":0,"menu_order":0,"comment_status":"closed","ping_status":"closed","template":"","meta":{"footnotes":""},"class_list":["post-62","page","type-page","status-publish","hentry"],"_links":{"self":[{"href":"https:\/\/zemyna.world\/index.php\/wp-json\/wp\/v2\/pages\/62","targetHints":{"allow":["GET"]}}],"collection":[{"href":"https:\/\/zemyna.world\/index.php\/wp-json\/wp\/v2\/pages"}],"about":[{"href":"https:\/\/zemyna.world\/index.php\/wp-json\/wp\/v2\/types\/page"}],"author":[{"embeddable":true,"href":"https:\/\/zemyna.world\/index.php\/wp-json\/wp\/v2\/users\/1"}],"replies":[{"embeddable":true,"href":"https:\/\/zemyna.world\/index.php\/wp-json\/wp\/v2\/comments?post=62"}],"version-history":[{"count":27,"href":"https:\/\/zemyna.world\/index.php\/wp-json\/wp\/v2\/pages\/62\/revisions"}],"predecessor-version":[{"id":174,"href":"https:\/\/zemyna.world\/index.php\/wp-json\/wp\/v2\/pages\/62\/revisions\/174"}],"wp:attachment":[{"href":"https:\/\/zemyna.world\/index.php\/wp-json\/wp\/v2\/media?parent=62"}],"curies":[{"name":"wp","href":"https:\/\/api.w.org\/{rel}","templated":true}]}}