{"id":55,"date":"2026-03-09T13:31:47","date_gmt":"2026-03-09T13:31:47","guid":{"rendered":"https:\/\/zemyna.world\/?page_id=55"},"modified":"2026-04-16T12:26:34","modified_gmt":"2026-04-16T12:26:34","slug":"1-ir-2-lygio-sesd-emisiju-skaiciavimas","status":"publish","type":"page","link":"https:\/\/zemyna.world\/index.php\/1-ir-2-lygio-sesd-emisiju-skaiciavimas\/","title":{"rendered":"\u0160ESD emisijos"},"content":{"rendered":"\n<div class=\"wp-block-group alignfull has-global-padding is-layout-constrained wp-container-core-group-is-layout-bb7b6e45 wp-block-group-is-layout-constrained\" style=\"padding-top:var(--wp--preset--spacing--20);padding-right:var(--wp--preset--spacing--40);padding-bottom:var(--wp--preset--spacing--20);padding-left:var(--wp--preset--spacing--40)\">\n<div class=\"wp-block-group has-global-padding is-layout-constrained wp-container-core-group-is-layout-650790e1 wp-block-group-is-layout-constrained\">\n<h1 class=\"wp-block-heading has-text-align-center has-x-large-font-size\">1 ir 2 lygio \u0160ESD emisij\u0173 skai\u010diavimas<\/h1>\n\n\n\n<div style=\"height:1.25rem\" aria-hidden=\"true\" class=\"wp-block-spacer\"><\/div>\n\n\n\n<p class=\"has-text-align-center\">1 ir 2 lygio \u0160ESD emisij\u0173 skai\u010diavimas padeda \u012fmonei nustatyti, i\u0161 koki\u0173 tiesiogini\u0173 ir netiesiogini\u0173 \u0161altini\u0173 susidaro jos emisijos. 1 lygis apima tiesiogines emisijas i\u0161 \u012fmon\u0117s valdom\u0173 \u0161altini\u0173, o 2 lygis \u2013 netiesiogines emisijas i\u0161 \u012fsigytos elektros energijos, \u0161ilumos ar v\u0117sinimo.<\/p>\n\n\n\n<p><\/p>\n\n\n\n<p class=\"has-text-align-center\">Padedame apskai\u010diuoti 1 ir 2 lygio \u0160ESD emisijas remiantis \u0160ESD protokolu (angl. <em>GHG protocol<\/em>).<\/p>\n\n\n\n<div style=\"height:1.25rem\" aria-hidden=\"true\" class=\"wp-block-spacer\"><\/div>\n<\/div>\n<\/div>\n\n\n\n<div class=\"wp-block-group alignfull has-base-2-background-color has-background has-global-padding is-layout-constrained wp-container-core-group-is-layout-a7b8f6e2 wp-block-group-is-layout-constrained\" style=\"margin-top:0;margin-bottom:0;padding-top:var(--wp--preset--spacing--10);padding-right:var(--wp--preset--spacing--30);padding-bottom:var(--wp--preset--spacing--10);padding-left:var(--wp--preset--spacing--30)\">\n<div class=\"wp-block-group is-vertical is-content-justification-center is-layout-flex wp-container-core-group-is-layout-52b864f0 wp-block-group-is-layout-flex\">\n<h2 class=\"wp-block-heading has-text-align-center is-style-asterisk\">Informacija apie paslaug\u0105<\/h2>\n\n\n\n<div style=\"height:0px\" aria-hidden=\"true\" class=\"wp-block-spacer wp-container-content-4f2ccadb\"><\/div>\n<\/div>\n\n\n\n<div class=\"wp-block-columns alignwide is-layout-flex wp-container-core-columns-is-layout-d0bbbce0 wp-block-columns-is-layout-flex\">\n<div class=\"wp-block-column is-layout-flow wp-container-core-column-is-layout-e3d1c41b wp-block-column-is-layout-flow\">\n<h3 class=\"wp-block-heading has-text-align-left is-style-asterisk has-body-font-family has-medium-font-size\" style=\"font-style:normal;font-weight:600\">Kaip vyksta procesas?<\/h3>\n\n\n\n<p class=\"has-text-align-left\">Identifikuojame \u012fmon\u0117s emisij\u0173 \u0161altinius, patenkan\u010dius \u012f 1 ir 2 lygio ribas. Surinkus veiklos duomenis, apskai\u010diuojame 1 ir 2 lygio \u0160ESD emisij\u0173 kiek\u012f bei pateikiame emisij\u0173 ir j\u0173 intensyvumo rodiklius.<\/p>\n<\/div>\n\n\n\n<div class=\"wp-block-column is-layout-flow wp-container-core-column-is-layout-e3d1c41b wp-block-column-is-layout-flow\">\n<h3 class=\"wp-block-heading has-text-align-left is-style-asterisk has-body-font-family has-medium-font-size\" style=\"font-style:normal;font-weight:600\">Koks rezultatas?<\/h3>\n\n\n\n<p class=\"has-text-align-left\">Paslaugos rezultatas \u2013 apskai\u010diuotas 1 ir 2 lygio \u0160ESD emisij\u0173 kiekis ir emisij\u0173 intensyvumo rodikliai, kuriuos galima naudoti vidiniam valdymui, ataskaitoms ir komunikacijai.<\/p>\n<\/div>\n\n\n\n<div class=\"wp-block-column is-layout-flow wp-container-core-column-is-layout-e3d1c41b wp-block-column-is-layout-flow\">\n<h3 class=\"wp-block-heading has-text-align-left is-style-asterisk has-body-font-family has-medium-font-size\" style=\"font-style:normal;font-weight:600\">Kam \u0161i paslauga aktuali?<\/h3>\n\n\n\n<p class=\"has-text-align-left\">\u0160i paslauga aktuali \u012fmon\u0117ms, kurios nori \u012fvertinti savo \u0160ESD emisijas, geriau suprasti veiklos poveik\u012f klimatui ir pasirengti nuoseklesniam duomen\u0173 valdymui. Ji ypa\u010d naudinga tada, kai emisij\u0173 duomenys reikalingi klient\u0173, partneri\u0173, finansuotoj\u0173 u\u017eklausoms, tvarumo ataskaitoms ar vidiniams tikslams nustatyti.<\/p>\n<\/div>\n<\/div>\n\n\n\n<div class=\"wp-block-buttons is-content-justification-center is-layout-flex wp-container-core-buttons-is-layout-a89b3969 wp-block-buttons-is-layout-flex\">\n<div class=\"wp-block-button\"><a class=\"wp-block-button__link wp-element-button\" href=\"mailto:info@zemyna.world\">Susisiekime<\/a><\/div>\n<\/div>\n\n\n\n<div style=\"height:var(--wp--preset--spacing--20)\" aria-hidden=\"true\" class=\"wp-block-spacer\"><\/div>\n<\/div>\n\n\n\n<p><\/p>\n","protected":false},"excerpt":{"rendered":"<p>1 ir 2 lygio \u0160ESD emisij\u0173 skai\u010diavimas 1 ir 2 lygio \u0160ESD emisij\u0173 skai\u010diavimas padeda \u012fmonei nustatyti, i\u0161 koki\u0173 tiesiogini\u0173 ir netiesiogini\u0173 \u0161altini\u0173 susidaro jos emisijos. 1 lygis apima tiesiogines emisijas i\u0161 \u012fmon\u0117s valdom\u0173 \u0161altini\u0173, o 2 lygis \u2013 netiesiogines emisijas i\u0161 \u012fsigytos elektros energijos, \u0161ilumos ar v\u0117sinimo. Padedame apskai\u010diuoti 1 ir 2 lygio \u0160ESD [&hellip;]<\/p>\n","protected":false},"author":1,"featured_media":0,"parent":0,"menu_order":0,"comment_status":"closed","ping_status":"closed","template":"","meta":{"footnotes":""},"class_list":["post-55","page","type-page","status-publish","hentry"],"_links":{"self":[{"href":"https:\/\/zemyna.world\/index.php\/wp-json\/wp\/v2\/pages\/55","targetHints":{"allow":["GET"]}}],"collection":[{"href":"https:\/\/zemyna.world\/index.php\/wp-json\/wp\/v2\/pages"}],"about":[{"href":"https:\/\/zemyna.world\/index.php\/wp-json\/wp\/v2\/types\/page"}],"author":[{"embeddable":true,"href":"https:\/\/zemyna.world\/index.php\/wp-json\/wp\/v2\/users\/1"}],"replies":[{"embeddable":true,"href":"https:\/\/zemyna.world\/index.php\/wp-json\/wp\/v2\/comments?post=55"}],"version-history":[{"count":5,"href":"https:\/\/zemyna.world\/index.php\/wp-json\/wp\/v2\/pages\/55\/revisions"}],"predecessor-version":[{"id":155,"href":"https:\/\/zemyna.world\/index.php\/wp-json\/wp\/v2\/pages\/55\/revisions\/155"}],"wp:attachment":[{"href":"https:\/\/zemyna.world\/index.php\/wp-json\/wp\/v2\/media?parent=55"}],"curies":[{"name":"wp","href":"https:\/\/api.w.org\/{rel}","templated":true}]}}