{"id":120,"date":"2026-03-15T09:19:33","date_gmt":"2026-03-15T09:19:33","guid":{"rendered":"https:\/\/zemyna.world\/?page_id=120"},"modified":"2026-03-15T09:19:33","modified_gmt":"2026-03-15T09:19:33","slug":"apie-konsultante","status":"publish","type":"page","link":"https:\/\/zemyna.world\/index.php\/apie-konsultante\/","title":{"rendered":"Apie konsultant\u0119"},"content":{"rendered":"\n<p>Konsultacijas teikia daktaro laipsnio siekianti tvarumo ekspert\u0117, savo akademin\u0117je veikloje nagrin\u0117janti tvarumo integravim\u0105 \u012f verslo strategij\u0105. <\/p>\n\n\n\n<p>Daugiau kaip 7 met\u0173 praktin\u0117 patirtis sukaupta konsultuojant \u012fmones tvaraus verslo strategijos, tvarumo ataskait\u0173 rengimo, 1 ir 2 lygio \u0160ESD emisij\u0173 skai\u010diavimo, dvejopo reik\u0161mingumo bei su klimatu susijusi\u0173 rizik\u0173 vertinimo klausimais. <\/p>\n\n\n\n<p>Konsultuotos vidutin\u0117s, didel\u0117s, bir\u017eoje listinguojamos ir valstyb\u0117s valdomos \u012fmon\u0117s bei \u012fmoni\u0173 grup\u0117s \u012fvairiuose sektoriuose, tarp j\u0173 \u2013 gamybos, \u017eem\u0117s \u016bkio, maisto ir pieno produkt\u0173 perdirbimo, atliek\u0173 tvarkymo, \u017eiedin\u0117s ekonomikos, transporto ir logistikos veiklas vykdan\u010dios \u012emon\u0117s.<\/p>\n\n\n\n<p>Veikla derinama su ekspertine ir akademine veikla:<\/p>\n\n\n\n<ul class=\"wp-block-list\">\n<li>Akademin\u0117 veikla vykdoma Vilniaus universitete, nagrin\u0117jant tvarumo integravim\u0105 \u012f verslo strategij\u0105.<\/li>\n\n\n\n<li>Dalyvaujama EFRAG ekspert\u0173 bendruomen\u0117je, skirtoje ma\u017e\u0173j\u0173 ir vidutini\u0173 \u012fmoni\u0173 savanori\u0161ko tvarumo atskaitomyb\u0117s standarto (MV\u012e STAS) taikymui.<\/li>\n\n\n\n<li>Dalyvaujama Lietuvos Tvari\u0173j\u0173 finans\u0173 forumo darbo grup\u0117se:\n<ul class=\"wp-block-list\">\n<li>\u201eCSRD \u012fgyvendinimo ir pritaikymo praktikoje\u201c<\/li>\n\n\n\n<li>\u201eSavanori\u0161kai taikom\u0173 tvarumo standart\u0173\u201c<\/li>\n\n\n\n<li>\u201eTaksonomijos reikalavim\u0173 \u012fgyvendinimo\u201c<\/li>\n<\/ul>\n<\/li>\n\n\n\n<li>Naryst\u0117 tarptautin\u0117se profesin\u0117se organizacijose:\n<ul class=\"wp-block-list\">\n<li>The Institute of Sustainability and Environmental Professionals (ISEP)<\/li>\n\n\n\n<li>The International Society of Sustainability Professionals (ISSP)<\/li>\n<\/ul>\n<\/li>\n<\/ul>\n","protected":false},"excerpt":{"rendered":"<p>Konsultacijas teikia daktaro laipsnio siekianti tvarumo ekspert\u0117, savo akademin\u0117je veikloje nagrin\u0117janti tvarumo integravim\u0105 \u012f verslo strategij\u0105. Daugiau kaip 7 met\u0173 praktin\u0117 patirtis sukaupta konsultuojant \u012fmones tvaraus verslo strategijos, tvarumo ataskait\u0173 rengimo, 1 ir 2 lygio \u0160ESD emisij\u0173 skai\u010diavimo, dvejopo reik\u0161mingumo bei su klimatu susijusi\u0173 rizik\u0173 vertinimo klausimais. Konsultuotos vidutin\u0117s, didel\u0117s, bir\u017eoje listinguojamos ir valstyb\u0117s valdomos [&hellip;]<\/p>\n","protected":false},"author":1,"featured_media":0,"parent":0,"menu_order":0,"comment_status":"closed","ping_status":"closed","template":"","meta":{"footnotes":""},"class_list":["post-120","page","type-page","status-publish","hentry"],"_links":{"self":[{"href":"https:\/\/zemyna.world\/index.php\/wp-json\/wp\/v2\/pages\/120","targetHints":{"allow":["GET"]}}],"collection":[{"href":"https:\/\/zemyna.world\/index.php\/wp-json\/wp\/v2\/pages"}],"about":[{"href":"https:\/\/zemyna.world\/index.php\/wp-json\/wp\/v2\/types\/page"}],"author":[{"embeddable":true,"href":"https:\/\/zemyna.world\/index.php\/wp-json\/wp\/v2\/users\/1"}],"replies":[{"embeddable":true,"href":"https:\/\/zemyna.world\/index.php\/wp-json\/wp\/v2\/comments?post=120"}],"version-history":[{"count":1,"href":"https:\/\/zemyna.world\/index.php\/wp-json\/wp\/v2\/pages\/120\/revisions"}],"predecessor-version":[{"id":122,"href":"https:\/\/zemyna.world\/index.php\/wp-json\/wp\/v2\/pages\/120\/revisions\/122"}],"wp:attachment":[{"href":"https:\/\/zemyna.world\/index.php\/wp-json\/wp\/v2\/media?parent=120"}],"curies":[{"name":"wp","href":"https:\/\/api.w.org\/{rel}","templated":true}]}}