{"id":100,"date":"2026-03-11T07:10:23","date_gmt":"2026-03-11T07:10:23","guid":{"rendered":"https:\/\/zemyna.world\/?page_id=100"},"modified":"2026-04-16T12:34:57","modified_gmt":"2026-04-16T12:34:57","slug":"mokymai-tvarumo-tema","status":"publish","type":"page","link":"https:\/\/zemyna.world\/index.php\/mokymai-tvarumo-tema\/","title":{"rendered":"Mokymai"},"content":{"rendered":"\n<div class=\"wp-block-group alignfull has-global-padding is-layout-constrained wp-container-core-group-is-layout-bb7b6e45 wp-block-group-is-layout-constrained\" style=\"padding-top:var(--wp--preset--spacing--20);padding-right:var(--wp--preset--spacing--40);padding-bottom:var(--wp--preset--spacing--20);padding-left:var(--wp--preset--spacing--40)\">\n<div class=\"wp-block-group has-global-padding is-layout-constrained wp-container-core-group-is-layout-650790e1 wp-block-group-is-layout-constrained\">\n<h1 class=\"wp-block-heading has-text-align-center has-x-large-font-size\">Mokymai tvarumo tema<\/h1>\n\n\n\n<div style=\"height:1.25rem\" aria-hidden=\"true\" class=\"wp-block-spacer\"><\/div>\n\n\n\n<p class=\"has-text-align-center\">Vedame mokymus, padedan\u010dius J\u016bs\u0173 komandai geriau suprasti tvarumo temas ir nuosekliau jas taikyti praktikoje. Mokym\u0173 turinys pritaikomas pagal \u012fmon\u0117s veikl\u0105, poreik\u012f ir komandos pasirengimo lyg\u012f.<\/p>\n\n\n\n<div style=\"height:1.25rem\" aria-hidden=\"true\" class=\"wp-block-spacer\"><\/div>\n<\/div>\n<\/div>\n\n\n\n<div class=\"wp-block-group alignfull has-base-2-background-color has-background has-global-padding is-layout-constrained wp-container-core-group-is-layout-edc54a09 wp-block-group-is-layout-constrained\" style=\"margin-top:0;margin-bottom:0;padding-top:var(--wp--preset--spacing--20);padding-right:var(--wp--preset--spacing--30);padding-bottom:var(--wp--preset--spacing--20);padding-left:var(--wp--preset--spacing--30)\">\n<div class=\"wp-block-group is-vertical is-content-justification-center is-layout-flex wp-container-core-group-is-layout-52b864f0 wp-block-group-is-layout-flex\">\n<h2 class=\"wp-block-heading has-text-align-center is-style-asterisk\">Informacija apie paslaug\u0105<\/h2>\n\n\n\n<div style=\"height:0px\" aria-hidden=\"true\" class=\"wp-block-spacer wp-container-content-4f2ccadb\"><\/div>\n<\/div>\n\n\n\n<div class=\"wp-block-columns alignwide is-layout-flex wp-container-core-columns-is-layout-d0bbbce0 wp-block-columns-is-layout-flex\">\n<div class=\"wp-block-column is-layout-flow wp-container-core-column-is-layout-e3d1c41b wp-block-column-is-layout-flow\">\n<h3 class=\"wp-block-heading has-text-align-left is-style-asterisk has-body-font-family has-medium-font-size\" style=\"font-style:normal;font-weight:600\">Kaip vyksta procesas?<\/h3>\n\n\n\n<p class=\"has-text-align-left\">Pirmiausia aptariame, kokios temos \u012fmonei yra aktualios ir kokiam tikslui mokymai rengiami. Remdamiesi \u0161ia informacija parengiame mokym\u0173 turin\u012f ir pristatome j\u012f \u012fmon\u0117s komandai. Prireikus mokym\u0173 apimtis ir temos gali b\u016bti pritaikomos skirtingoms darbuotoj\u0173 grup\u0117ms.<\/p>\n<\/div>\n\n\n\n<div class=\"wp-block-column is-layout-flow wp-container-core-column-is-layout-e3d1c41b wp-block-column-is-layout-flow\">\n<h3 class=\"wp-block-heading has-text-align-left is-style-asterisk has-body-font-family has-medium-font-size\" style=\"font-style:normal;font-weight:600\">Koks rezultatas?<\/h3>\n\n\n\n<p class=\"has-text-align-left\">Paslaugos rezultatas \u2013 \u012fmon\u0117s poreikiams pritaikyti mokymai, padedantys komandai geriau suprasti aktualias tvarumo temas ir j\u0173 taikym\u0105 praktikoje.<\/p>\n<\/div>\n\n\n\n<div class=\"wp-block-column is-layout-flow wp-container-core-column-is-layout-e3d1c41b wp-block-column-is-layout-flow\">\n<h3 class=\"wp-block-heading has-text-align-left is-style-asterisk has-body-font-family has-medium-font-size\" style=\"font-style:normal;font-weight:600\">Kam \u0161i paslauga aktuali?<\/h3>\n\n\n\n<p class=\"has-text-align-left\">\u0160i paslauga aktuali \u012fmon\u0117ms, kurios nori stiprinti komandos \u017einias tvarumo srityje, pasirengti darbui su tvarumo duomenimis, ataskaitomis ar kitais susijusiais klausimais. Ji ypa\u010d naudinga \u012fmon\u0117ms, kurios tik pradeda dirbti su tvarumo klausimais arba nori pagilinti \u017einias konkre\u010diomis temomis.<\/p>\n<\/div>\n<\/div>\n\n\n\n<div class=\"wp-block-buttons is-content-justification-center is-layout-flex wp-container-core-buttons-is-layout-a89b3969 wp-block-buttons-is-layout-flex\">\n<div class=\"wp-block-button\"><a class=\"wp-block-button__link wp-element-button\" href=\"mailto:info@zemyna.world\">Susisiekime<\/a><\/div>\n<\/div>\n\n\n\n<div style=\"height:var(--wp--preset--spacing--20)\" aria-hidden=\"true\" class=\"wp-block-spacer\"><\/div>\n<\/div>\n\n\n\n<p><\/p>\n","protected":false},"excerpt":{"rendered":"<p>Mokymai tvarumo tema Vedame mokymus, padedan\u010dius J\u016bs\u0173 komandai geriau suprasti tvarumo temas ir nuosekliau jas taikyti praktikoje. Mokym\u0173 turinys pritaikomas pagal \u012fmon\u0117s veikl\u0105, poreik\u012f ir komandos pasirengimo lyg\u012f. Informacija apie paslaug\u0105 Kaip vyksta procesas? Pirmiausia aptariame, kokios temos \u012fmonei yra aktualios ir kokiam tikslui mokymai rengiami. Remdamiesi \u0161ia informacija parengiame mokym\u0173 turin\u012f ir pristatome j\u012f [&hellip;]<\/p>\n","protected":false},"author":1,"featured_media":0,"parent":0,"menu_order":0,"comment_status":"closed","ping_status":"closed","template":"","meta":{"footnotes":""},"class_list":["post-100","page","type-page","status-publish","hentry"],"_links":{"self":[{"href":"https:\/\/zemyna.world\/index.php\/wp-json\/wp\/v2\/pages\/100","targetHints":{"allow":["GET"]}}],"collection":[{"href":"https:\/\/zemyna.world\/index.php\/wp-json\/wp\/v2\/pages"}],"about":[{"href":"https:\/\/zemyna.world\/index.php\/wp-json\/wp\/v2\/types\/page"}],"author":[{"embeddable":true,"href":"https:\/\/zemyna.world\/index.php\/wp-json\/wp\/v2\/users\/1"}],"replies":[{"embeddable":true,"href":"https:\/\/zemyna.world\/index.php\/wp-json\/wp\/v2\/comments?post=100"}],"version-history":[{"count":3,"href":"https:\/\/zemyna.world\/index.php\/wp-json\/wp\/v2\/pages\/100\/revisions"}],"predecessor-version":[{"id":158,"href":"https:\/\/zemyna.world\/index.php\/wp-json\/wp\/v2\/pages\/100\/revisions\/158"}],"wp:attachment":[{"href":"https:\/\/zemyna.world\/index.php\/wp-json\/wp\/v2\/media?parent=100"}],"curies":[{"name":"wp","href":"https:\/\/api.w.org\/{rel}","templated":true}]}}